{"id":36,"date":"2018-05-29T23:04:22","date_gmt":"2018-05-29T21:04:22","guid":{"rendered":"http:\/\/antennehandicap-occitanie.fr\/?page_id=36"},"modified":"2018-12-13T15:14:03","modified_gmt":"2018-12-13T14:14:03","slug":"autres-activites-accessibles","status":"publish","type":"page","link":"http:\/\/antennehandicap-occitanie.fr\/?page_id=36","title":{"rendered":"Autres activit\u00e9s accessibles"},"content":{"rendered":"<p><a href=\"http:\/\/www.ariegeparapente.fr\/\" target=\"_blank\" rel=\"noopener\"><img loading=\"lazy\" decoding=\"async\" class=\"alignnone size-medium wp-image-81\" src=\"http:\/\/antennehandicap-occitanie.fr\/wp-content\/uploads\/2018\/12\/ariegeparapente110-300x157.jpg\" alt=\"\" width=\"300\" height=\"157\" srcset=\"http:\/\/antennehandicap-occitanie.fr\/wp-content\/uploads\/2018\/12\/ariegeparapente110-300x157.jpg 300w, http:\/\/antennehandicap-occitanie.fr\/wp-content\/uploads\/2018\/12\/ariegeparapente110.jpg 320w\" sizes=\"(max-width: 300px) 100vw, 300px\" \/><img loading=\"lazy\" decoding=\"async\" class=\"alignnone size-medium wp-image-59\" src=\"http:\/\/antennehandicap-occitanie.fr\/wp-content\/uploads\/2018\/12\/handi-ski-pyrenn\u00e9e-300x96.png\" alt=\"ski et loisir pour tous \" width=\"300\" height=\"96\" srcset=\"http:\/\/antennehandicap-occitanie.fr\/wp-content\/uploads\/2018\/12\/handi-ski-pyrenn\u00e9e-300x96.png 300w, http:\/\/antennehandicap-occitanie.fr\/wp-content\/uploads\/2018\/12\/handi-ski-pyrenn\u00e9e.png 385w\" sizes=\"(max-width: 300px) 100vw, 300px\" \/><\/a>Retrouvez ici tous nos partenaires, activit\u00e9s, visites accessibles<\/p>\n<p>Des id\u00e9es de sorties adapt\u00e9es au handicap<\/p>\n<p>&nbsp;<\/p>\n","protected":false},"excerpt":{"rendered":"<p>Retrouvez ici tous nos partenaires, activit\u00e9s, visites accessibles Des id\u00e9es de sorties adapt\u00e9es au handicap &nbsp;<\/p>\n","protected":false},"author":1,"featured_media":0,"parent":0,"menu_order":0,"comment_status":"closed","ping_status":"closed","template":"","meta":{"kt_blocks_editor_width":"","footnotes":""},"_links":{"self":[{"href":"http:\/\/antennehandicap-occitanie.fr\/index.php?rest_route=\/wp\/v2\/pages\/36"}],"collection":[{"href":"http:\/\/antennehandicap-occitanie.fr\/index.php?rest_route=\/wp\/v2\/pages"}],"about":[{"href":"http:\/\/antennehandicap-occitanie.fr\/index.php?rest_route=\/wp\/v2\/types\/page"}],"author":[{"embeddable":true,"href":"http:\/\/antennehandicap-occitanie.fr\/index.php?rest_route=\/wp\/v2\/users\/1"}],"replies":[{"embeddable":true,"href":"http:\/\/antennehandicap-occitanie.fr\/index.php?rest_route=%2Fwp%2Fv2%2Fcomments&post=36"}],"version-history":[{"count":5,"href":"http:\/\/antennehandicap-occitanie.fr\/index.php?rest_route=\/wp\/v2\/pages\/36\/revisions"}],"predecessor-version":[{"id":93,"href":"http:\/\/antennehandicap-occitanie.fr\/index.php?rest_route=\/wp\/v2\/pages\/36\/revisions\/93"}],"wp:attachment":[{"href":"http:\/\/antennehandicap-occitanie.fr\/index.php?rest_route=%2Fwp%2Fv2%2Fmedia&parent=36"}],"curies":[{"name":"wp","href":"https:\/\/api.w.org\/{rel}","templated":true}]}}